{"id":191,"date":"2023-05-11T11:30:36","date_gmt":"2023-05-11T09:30:36","guid":{"rendered":"https:\/\/marionlhote.org\/?page_id=191"},"modified":"2024-12-17T19:47:12","modified_gmt":"2024-12-17T18:47:12","slug":"qui-suis-je","status":"publish","type":"page","link":"https:\/\/marionlhote.org\/index.php\/qui-suis-je\/","title":{"rendered":"Qui suis-je ?"},"content":{"rendered":"<p>[et_pb_section fb_built=\u00a0\u00bb1&Prime; admin_label=\u00a0\u00bbServices\u00a0\u00bb _builder_version=\u00a0\u00bb4.20.0&Prime; _module_preset=\u00a0\u00bbdefault\u00a0\u00bb background_color=\u00a0\u00bbgcid-c0d903dc-93ac-4ecc-8236-73ef6305c15d\u00a0\u00bb custom_padding=\u00a0\u00bb||0px|||\u00a0\u00bb collapsed=\u00a0\u00bbon\u00a0\u00bb global_colors_info=\u00a0\u00bb{%22gcid-c0d903dc-93ac-4ecc-8236-73ef6305c15d%22:%91%22background_color%22%93}\u00a0\u00bb][et_pb_row _builder_version=\u00a0\u00bb4.21.0&Prime; _module_preset=\u00a0\u00bbdefault\u00a0\u00bb background_color=\u00a0\u00bb#FFFFFF\u00a0\u00bb global_colors_info=\u00a0\u00bb{}\u00a0\u00bb][et_pb_column type=\u00a0\u00bb4_4&Prime; _builder_version=\u00a0\u00bb4.20.4&Prime; _module_preset=\u00a0\u00bbdefault\u00a0\u00bb global_colors_info=\u00a0\u00bb{}\u00a0\u00bb][et_pb_text _builder_version=\u00a0\u00bb4.21.0&Prime; _module_preset=\u00a0\u00bbf686e245-61e8-4f80-8de3-c46584fb459b\u00a0\u00bb header_font=\u00a0\u00bbMerriweather|700||on|||||\u00a0\u00bb header_text_align=\u00a0\u00bbcenter\u00a0\u00bb header_2_font=\u00a0\u00bbFuzzy Bubbles|700|||||||\u00a0\u00bb header_2_text_color=\u00a0\u00bb#665889&Prime; header_2_font_size=\u00a0\u00bb34px\u00a0\u00bb text_orientation=\u00a0\u00bbcenter\u00a0\u00bb locked=\u00a0\u00bboff\u00a0\u00bb global_colors_info=\u00a0\u00bb{%22gcid-c89f5116-e22d-4a85-9acd-d2301e8087e7%22:%91%22header_text_color%22,%22header_text_color%22,%22header_text_color%22%93}\u00a0\u00bb]<\/p>\n<h2>Je suis Marion L\u2019H\u00d4TE<\/h2>\n<p>[\/et_pb_text][et_pb_text _builder_version=\u00a0\u00bb4.21.0&Prime; _module_preset=\u00a0\u00bbdefault\u00a0\u00bb text_orientation=\u00a0\u00bbcenter\u00a0\u00bb global_colors_info=\u00a0\u00bb{}\u00a0\u00bb]<\/p>\n<p style=\"text-align: center;\">une Femme \u00e9panouie dans tous les domaines de sa vie, et j\u2019ai \u00e0 c\u0153ur de Vous \u00e9clairer et Vous accompagner<br \/>sur le chemin vers la meilleure version de Vous m\u2019aime\u2026<\/p>\n<p>[\/et_pb_text][et_pb_image src=\u00a0\u00bbhttps:\/\/marionlhote.org\/wp-content\/uploads\/2024\/11\/LA-photo-scaled.jpg\u00a0\u00bb alt=\u00a0\u00bbMarion L&rsquo;H\u00d4TE\u00a0\u00bb title_text=\u00a0\u00bbLA photo\u00a0\u00bb align=\u00a0\u00bbcenter\u00a0\u00bb _builder_version=\u00a0\u00bb4.27.4&Prime; _module_preset=\u00a0\u00bbdefault\u00a0\u00bb height=\u00a0\u00bb198px\u00a0\u00bb border_radii=\u00a0\u00bbon|10px|10px|10px|10px\u00a0\u00bb global_colors_info=\u00a0\u00bb{}\u00a0\u00bb][\/et_pb_image][et_pb_text _builder_version=\u00a0\u00bb4.21.0&Prime; _module_preset=\u00a0\u00bbdefault\u00a0\u00bb module_alignment=\u00a0\u00bbcenter\u00a0\u00bb global_colors_info=\u00a0\u00bb{}\u00a0\u00bb]<\/p>\n<p class=\"has-text-align-center has-text-color\" style=\"text-align: center;\">Ayant v\u00e9cu de nombreuses difficult\u00e9s personnelles (deuils, burn-out, ruptures, probl\u00e8mes familiaux), ayant plut\u00f4t subi que choisi un parcours scolaire puis salari\u00e9 r\u00e9ussis (mais o\u00f9 je m\u2019ennuyais)\u2026 j\u2019ai, au cours de ma vie, cherch\u00e9 une th\u00e9rapie ou une pratique qui m\u2019aide concr\u00e8tement et efficacement\u2026 de la p\u00e9dopsychiatrie \u00e0 diverses psychoth\u00e9rapies, en passant par des m\u00e9decines douces avec, parfois, des r\u00e9sultats b\u00e9n\u00e9fiques mais de courte dur\u00e9e.<\/p>\n<p class=\"has-text-align-center has-text-color\" style=\"text-align: center;\">J\u2019ai d\u00e9couvert en 2016 le D\u00e9tachement de Traumatismes\u00ae (DT\u00ae) et l\u00e0, j\u2019ai enfin trouv\u00e9 la r\u00e9conciliation avec la Vie et le b\u00e9n\u00e9fique, et tout ce qui en d\u00e9coule de Beau et de Bon. Je me suis trouv\u00e9e, Moi.<\/p>\n<p class=\"has-text-align-center has-text-color\" style=\"text-align: center;\">Tout ayant alors pris du Sens, j\u2019ai suivi la formation en 2017\u2026 Dipl\u00f4m\u00e9e au CGHE (les Abrets en Dauphin\u00e9) en PNL humaniste et en D\u00e9tachement de Traumatismes\u00ae par Martine CLAVELLI, cr\u00e9atrice de cette fabuleuse technique de lib\u00e9ration \u00e9motionnelle, j\u2019ai d\u00e9cid\u00e9 de me consacrer aux Personnes que je re\u00e7ois en s\u00e9ances, avec bienveillance, \u00e9coute et neutralit\u00e9, que ce soit la 3C ou le DT\u00ae.<\/p>\n<p>[\/et_pb_text][et_pb_image src=\u00a0\u00bbhttps:\/\/marionlhote.org\/wp-content\/uploads\/2024\/12\/tryptique-diminuee.jpg\u00a0\u00bb title_text=\u00a0\u00bbtryptique diminu\u00e9e\u00a0\u00bb align=\u00a0\u00bbcenter\u00a0\u00bb _builder_version=\u00a0\u00bb4.27.4&Prime; _module_preset=\u00a0\u00bbdefault\u00a0\u00bb hover_enabled=\u00a0\u00bb0&Prime; border_radii=\u00a0\u00bbon|10px|10px|10px|10px\u00a0\u00bb global_colors_info=\u00a0\u00bb{}\u00a0\u00bb width=\u00a0\u00bb40%\u00a0\u00bb max_width=\u00a0\u00bb40%\u00a0\u00bb sticky_enabled=\u00a0\u00bb0&Prime; max_width_last_edited=\u00a0\u00bbon|desktop\u00a0\u00bb width_last_edited=\u00a0\u00bbon|phone\u00a0\u00bb max_width_phone=\u00a0\u00bb100%\u00a0\u00bb width_phone=\u00a0\u00bb100%\u00a0\u00bb max_width_tablet=\u00a0\u00bb40%\u00a0\u00bb width_tablet=\u00a0\u00bb40%\u00a0\u00bb][\/et_pb_image][\/et_pb_column][\/et_pb_row][et_pb_row use_custom_gutter=\u00a0\u00bbon\u00a0\u00bb gutter_width=\u00a0\u00bb2&Prime; make_equal=\u00a0\u00bbon\u00a0\u00bb _builder_version=\u00a0\u00bb4.21.0&Prime; _module_preset=\u00a0\u00bbdefault\u00a0\u00bb custom_padding=\u00a0\u00bb||0px||false|false\u00a0\u00bb global_colors_info=\u00a0\u00bb{}\u00a0\u00bb][et_pb_column type=\u00a0\u00bb4_4&Prime; _builder_version=\u00a0\u00bb4.21.0&Prime; _module_preset=\u00a0\u00bbdefault\u00a0\u00bb background_color=\u00a0\u00bbrgba(199,198,235,0.2)\u00a0\u00bb custom_padding=\u00a0\u00bb60px|60px|60px|60px|true|true\u00a0\u00bb custom_padding_tablet=\u00a0\u00bb30px|30px|30px|30px|true|true\u00a0\u00bb custom_padding_phone=\u00a0\u00bb20px|20px|20px|20px|true|true\u00a0\u00bb custom_padding_last_edited=\u00a0\u00bbon|desktop\u00a0\u00bb global_colors_info=\u00a0\u00bb{}\u00a0\u00bb custom_padding__hover_enabled=\u00a0\u00bbon|hover\u00a0\u00bb custom_padding__hover=\u00a0\u00bb50px||70px||false|true\u00a0\u00bb][et_pb_blurb title=\u00a0\u00bbMes valeurs\u00a0\u00bb _builder_version=\u00a0\u00bb4.21.0&Prime; _module_preset=\u00a0\u00bbb43a3af0-ed36-45f1-a852-ce77746a6e59&Prime; header_font=\u00a0\u00bb|700|||||||\u00a0\u00bb header_text_color=\u00a0\u00bb#665889&Prime; body_text_color=\u00a0\u00bb#665889&Prime; custom_margin=\u00a0\u00bb-10px||||false|false\u00a0\u00bb custom_padding=\u00a0\u00bb0px||||false|false\u00a0\u00bb header_font_size_phone=\u00a0\u00bb24px\u00a0\u00bb locked=\u00a0\u00bboff\u00a0\u00bb global_colors_info=\u00a0\u00bb{%22gcid-cc1e7daa-e7a2-44d1-a6d4-86221a549f5c%22:%91%22link_text_color%22%93,%22gcid-c89f5116-e22d-4a85-9acd-d2301e8087e7%22:%91%22header_4_text_color%22%93}\u00a0\u00bb body_text_color__hover_enabled=\u00a0\u00bboff|desktop\u00a0\u00bb custom_margin__hover_enabled=\u00a0\u00bbon|desktop\u00a0\u00bb custom_margin__hover=\u00a0\u00bb-10px||||false|false\u00a0\u00bb]<\/p>\n<p>Chacun sa <strong>responsabilit\u00e9<\/strong> : toute personne qui vient en s\u00e9ance prend ou a pris la\/les sienne(s) et s\u2019en occupe : \u00ab\u00a0<em>Si je vais mal, je vais r\u00e9soudre ce qui me fait mal\u2026 si je rends l\u2019autre responsable de ce qui me fait mal, c\u2019est l\u2019impasse\u00a0\u00bb<\/em><\/p>\n<p><strong>Accueil, bienveillance, respect, empathie, \u00ab je ne sais rien \u00bb, Amour, justesse, justice, communication, douceur<\/strong><\/p>\n<p>Tout est mis en \u0153uvre pour que chaque personne re\u00e7ue soit dans les meilleures conditions, mat\u00e9rielles et \u00e9motionnelles&#8230; <strong>la confiance<\/strong> est instaur\u00e9e, condition sine qua non pour la r\u00e9ussite de chaque s\u00e9ance<\/p>\n<p><strong>Contribuer \u00e0 un monde meilleur<\/strong><\/p>\n<p>L\u2019\u00catre\u2026 dans tous les sens du terme, est prioris\u00e9<\/p>\n<p><strong>Quiconque vient en s\u00e9ance pour \u00e9voluer, se lib\u00e9rer, se d\u00e9bloquer&#8230; trouvera mon aide<\/strong><\/p>\n<p>[\/et_pb_blurb][\/et_pb_column][\/et_pb_row][et_pb_row use_custom_gutter=\u00a0\u00bbon\u00a0\u00bb gutter_width=\u00a0\u00bb2&Prime; make_equal=\u00a0\u00bbon\u00a0\u00bb _builder_version=\u00a0\u00bb4.21.0&Prime; _module_preset=\u00a0\u00bbdefault\u00a0\u00bb custom_padding=\u00a0\u00bb||0px||false|false\u00a0\u00bb global_colors_info=\u00a0\u00bb{}\u00a0\u00bb][et_pb_column type=\u00a0\u00bb4_4&Prime; _builder_version=\u00a0\u00bb4.21.0&Prime; _module_preset=\u00a0\u00bbdefault\u00a0\u00bb background_color=\u00a0\u00bbrgba(240,191,224,0.19)\u00a0\u00bb custom_padding=\u00a0\u00bb60px|60px|60px|60px|true|true\u00a0\u00bb custom_padding_tablet=\u00a0\u00bb30px|30px|30px|30px|true|true\u00a0\u00bb custom_padding_phone=\u00a0\u00bb20px|20px|20px|20px|true|true\u00a0\u00bb custom_padding_last_edited=\u00a0\u00bbon|desktop\u00a0\u00bb global_colors_info=\u00a0\u00bb{}\u00a0\u00bb custom_padding__hover=\u00a0\u00bb50px||70px||false|true\u00a0\u00bb custom_padding__hover_enabled=\u00a0\u00bbon|desktop\u00a0\u00bb][et_pb_blurb title=\u00a0\u00bbMon code de d\u00e9ontologie\u00a0\u00bb _builder_version=\u00a0\u00bb4.21.0&Prime; _module_preset=\u00a0\u00bb0a5f7f21-3e79-43d2-85d7-6eeeebafac89&Prime; header_font=\u00a0\u00bb|700|||||||\u00a0\u00bb header_text_align=\u00a0\u00bbcenter\u00a0\u00bb header_text_color=\u00a0\u00bb#665889&Prime; header_font_size=\u00a0\u00bb24px\u00a0\u00bb body_text_color=\u00a0\u00bb#665889&Prime; header_font_size_tablet=\u00a0\u00bb24px\u00a0\u00bb header_font_size_phone=\u00a0\u00bb24px\u00a0\u00bb header_font_size_last_edited=\u00a0\u00bbon|phone\u00a0\u00bb locked=\u00a0\u00bboff\u00a0\u00bb global_colors_info=\u00a0\u00bb{%22gcid-cc1e7daa-e7a2-44d1-a6d4-86221a549f5c%22:%91%22link_text_color%22,%22link_text_color%22,%22link_text_color%22%93,%22gcid-c89f5116-e22d-4a85-9acd-d2301e8087e7%22:%91%22header_4_text_color%22,%22header_4_text_color%22,%22header_4_text_color%22%93}\u00a0\u00bb]<\/p>\n<p>Absence de jugement<\/p>\n<p><b class=\"ContentPasted0\">Neutralit\u00e9 bienveillante<\/b>, ni induction, ni suggestion<\/p>\n<p><b class=\"ContentPasted0\">Respect total <\/b>des ressentis et v\u00e9cus, de l\u2019\u00eatre dans son int\u00e9grit\u00e9, son unicit\u00e9 et son individualit\u00e9, et ses choix dans tous les domaines de sa Vie<\/p>\n<p><b class=\"ContentPasted0\">Confidentialit\u00e9<\/b>, secret professionnel<\/p>\n<p>[\/et_pb_blurb][\/et_pb_column][\/et_pb_row][\/et_pb_section]<\/p>\n","protected":false},"excerpt":{"rendered":"<p>Je suis Marion L\u2019H\u00d4TEune Femme \u00e9panouie dans tous les domaines de sa vie, et j\u2019ai \u00e0 c\u0153ur de Vous \u00e9clairer et Vous accompagnersur le chemin vers la meilleure version de Vous m\u2019aime\u2026Ayant v\u00e9cu de nombreuses difficult\u00e9s personnelles (deuils, burn-out, ruptures, probl\u00e8mes familiaux), ayant plut\u00f4t subi que choisi un parcours scolaire puis salari\u00e9 r\u00e9ussis (mais o\u00f9 [&hellip;]<\/p>\n","protected":false},"author":1,"featured_media":0,"parent":0,"menu_order":0,"comment_status":"closed","ping_status":"closed","template":"","meta":{"_et_pb_use_builder":"on","_et_pb_old_content":"<!-- wp:paragraph -->\n<p>Ceci est une page d\u2019exemple. C\u2019est diff\u00e9rent d\u2019un article de blog parce qu\u2019elle restera au m\u00eame endroit et appara\u00eetra dans la navigation de votre site (dans la plupart des th\u00e8mes). La plupart des gens commencent par une page \u00ab\u00a0\u00c0 propos\u00a0\u00bb qui les pr\u00e9sente aux personnes visitant le site. Cela pourrait ressembler \u00e0 quelque chose comme cela\u00a0:<\/p>\n<!-- \/wp:paragraph -->\n\n<!-- wp:quote -->\n<blockquote class=\"wp-block-quote\"><p>Bonjour\u00a0! Je suis un m\u00e9canicien qui aspire \u00e0 devenir acteur, et voici mon site. J\u2019habite \u00e0 Bordeaux, j\u2019ai un super chien baptis\u00e9 Russell, et j\u2019aime la vodka (ainsi qu\u2019\u00eatre surpris par la pluie soudaine lors de longues balades sur la plage au coucher du soleil).<\/p><\/blockquote>\n<!-- \/wp:quote -->\n\n<!-- wp:paragraph -->\n<p>\u2026ou quelque chose comme cela\u00a0:<\/p>\n<!-- \/wp:paragraph -->\n\n<!-- wp:quote -->\n<blockquote class=\"wp-block-quote\"><p>La soci\u00e9t\u00e9 123 Machin Truc a \u00e9t\u00e9 cr\u00e9\u00e9e en 1971, et n\u2019a cess\u00e9 de proposer au public des machins-trucs de qualit\u00e9 depuis lors. Situ\u00e9e \u00e0 Saint-Remy-en-Bouzemont-Saint-Genest-et-Isson, 123 Machin Truc emploie 2 000 personnes, et fabrique toutes sortes de bidules supers pour la communaut\u00e9 bouzemontoise.<\/p><\/blockquote>\n<!-- \/wp:quote -->\n\n<!-- wp:paragraph -->\n<p>En tant que nouvel utilisateur ou utilisatrice de WordPress, vous devriez vous rendre sur <a href=\"https:\/\/marionlhote.org\/wp-admin\/\">votre tableau de bord<\/a> pour supprimer cette page et cr\u00e9er de nouvelles pages pour votre contenu. Amusez-vous bien\u00a0!<\/p>\n<!-- \/wp:paragraph -->","_et_gb_content_width":"","footnotes":""},"class_list":["post-191","page","type-page","status-publish","hentry"],"_links":{"self":[{"href":"https:\/\/marionlhote.org\/index.php\/wp-json\/wp\/v2\/pages\/191","targetHints":{"allow":["GET"]}}],"collection":[{"href":"https:\/\/marionlhote.org\/index.php\/wp-json\/wp\/v2\/pages"}],"about":[{"href":"https:\/\/marionlhote.org\/index.php\/wp-json\/wp\/v2\/types\/page"}],"author":[{"embeddable":true,"href":"https:\/\/marionlhote.org\/index.php\/wp-json\/wp\/v2\/users\/1"}],"replies":[{"embeddable":true,"href":"https:\/\/marionlhote.org\/index.php\/wp-json\/wp\/v2\/comments?post=191"}],"version-history":[{"count":35,"href":"https:\/\/marionlhote.org\/index.php\/wp-json\/wp\/v2\/pages\/191\/revisions"}],"predecessor-version":[{"id":901,"href":"https:\/\/marionlhote.org\/index.php\/wp-json\/wp\/v2\/pages\/191\/revisions\/901"}],"wp:attachment":[{"href":"https:\/\/marionlhote.org\/index.php\/wp-json\/wp\/v2\/media?parent=191"}],"curies":[{"name":"wp","href":"https:\/\/api.w.org\/{rel}","templated":true}]}}