{"id":292,"date":"2023-05-11T14:27:38","date_gmt":"2023-05-11T12:27:38","guid":{"rendered":"https:\/\/marionlhote.org\/?page_id=292"},"modified":"2026-04-27T16:45:19","modified_gmt":"2026-04-27T14:45:19","slug":"tarifs","status":"publish","type":"page","link":"https:\/\/marionlhote.org\/index.php\/tarifs\/","title":{"rendered":"Tarifs"},"content":{"rendered":"<p>[et_pb_section fb_built=\u00a0\u00bb1&Prime; admin_label=\u00a0\u00bbServices\u00a0\u00bb _builder_version=\u00a0\u00bb4.20.0&Prime; _module_preset=\u00a0\u00bbdefault\u00a0\u00bb background_color=\u00a0\u00bbgcid-c0d903dc-93ac-4ecc-8236-73ef6305c15d\u00a0\u00bb custom_padding=\u00a0\u00bb||0px|||\u00a0\u00bb collapsed=\u00a0\u00bboff\u00a0\u00bb global_colors_info=\u00a0\u00bb{%22gcid-c0d903dc-93ac-4ecc-8236-73ef6305c15d%22:%91%22background_color%22%93}\u00a0\u00bb][et_pb_row _builder_version=\u00a0\u00bb4.21.0&Prime; _module_preset=\u00a0\u00bbdefault\u00a0\u00bb background_color=\u00a0\u00bb#FFFFFF\u00a0\u00bb global_colors_info=\u00a0\u00bb{}\u00a0\u00bb][et_pb_column type=\u00a0\u00bb4_4&Prime; _builder_version=\u00a0\u00bb4.21.0&Prime; _module_preset=\u00a0\u00bbdefault\u00a0\u00bb global_colors_info=\u00a0\u00bb{}\u00a0\u00bb][et_pb_text _builder_version=\u00a0\u00bb4.27.0&Prime; _module_preset=\u00a0\u00bb8743a07c-9b68-41e5-b14e-1503c9f7f699&Prime; text_font=\u00a0\u00bb||||||||\u00a0\u00bb header_text_color=\u00a0\u00bb#8988C6&Prime; header_4_font=\u00a0\u00bbInter|300|||||||\u00a0\u00bb header_4_text_color=\u00a0\u00bb#665889&Prime; header_4_font_size=\u00a0\u00bb18px\u00a0\u00bb header_4_letter_spacing=\u00a0\u00bb0em\u00a0\u00bb custom_margin=\u00a0\u00bb|32px||30px|false|false\u00a0\u00bb locked=\u00a0\u00bboff\u00a0\u00bb global_colors_info=\u00a0\u00bb{}\u00a0\u00bb]<\/p>\n<p><strong>Interpr\u00e9tation de votre test inconscient : gratuit<\/strong><\/p>\n<p>L\u2019audiocament : 5\u20ac<\/p>\n<p><strong>S\u00e9ances de D\u00e9tachement de Traumatismes\u00ae<\/strong> <strong>(2 s\u00e9ances sont espac\u00e9es d\u2019au minium 2 mois)<\/strong><\/p>\n<ul>\n<li>2h30 pour un adulte : 130\u20ac<\/li>\n<li>Tarif ch\u00f4meur &#8211; difficult\u00e9s financi\u00e8res, et \u00e9tudiant : 110\u20ac<\/li>\n<li>2h pour un enfant de 7 ans r\u00e9volus, ou un adolescent, jusqu&rsquo;\u00e0 18 ans (accompagn\u00e9 d\u2019un ou des 2 parents) : 110\u20ac<\/li>\n<\/ul>\n<p><strong>S\u00e9ances 3C <\/strong>(Contact \u2013 Conscience \u2013 Confiance) et <strong>s\u00e9ances d&rsquo;accompagnement post-DT\u00ae<\/strong><\/p>\n<p>1h pour un adulte, s\u00e9ance individuelle : 50\u20ac<\/p>\n<p><strong><em>R\u00e8glement par ch\u00e8que, en CB ou en esp\u00e8ces (facilit\u00e9s de paiement sur demande)<br \/><\/em><\/strong><\/p>\n<p>[\/et_pb_text][\/et_pb_column][\/et_pb_row][\/et_pb_section][et_pb_section fb_built=\u00a0\u00bb1&Prime; admin_label=\u00a0\u00bbServices\u00a0\u00bb _builder_version=\u00a0\u00bb4.20.0&Prime; _module_preset=\u00a0\u00bbdefault\u00a0\u00bb background_color=\u00a0\u00bbgcid-c0d903dc-93ac-4ecc-8236-73ef6305c15d\u00a0\u00bb custom_padding=\u00a0\u00bb11px||0px|||\u00a0\u00bb collapsed=\u00a0\u00bboff\u00a0\u00bb global_colors_info=\u00a0\u00bb{%22gcid-c0d903dc-93ac-4ecc-8236-73ef6305c15d%22:%91%22background_color%22%93}\u00a0\u00bb][et_pb_row _builder_version=\u00a0\u00bb4.21.0&Prime; _module_preset=\u00a0\u00bbdefault\u00a0\u00bb background_color=\u00a0\u00bb#FFFFFF\u00a0\u00bb custom_margin=\u00a0\u00bb21px|auto||auto||\u00a0\u00bb global_colors_info=\u00a0\u00bb{}\u00a0\u00bb][et_pb_column type=\u00a0\u00bb4_4&Prime; _builder_version=\u00a0\u00bb4.20.4&Prime; _module_preset=\u00a0\u00bbdefault\u00a0\u00bb global_colors_info=\u00a0\u00bb{}\u00a0\u00bb][et_pb_text _builder_version=\u00a0\u00bb4.21.0&Prime; _module_preset=\u00a0\u00bbf686e245-61e8-4f80-8de3-c46584fb459b\u00a0\u00bb header_font=\u00a0\u00bbMerriweather|700||on|||||\u00a0\u00bb header_text_align=\u00a0\u00bbcenter\u00a0\u00bb header_2_font=\u00a0\u00bbFuzzy Bubbles|700|||||||\u00a0\u00bb header_2_text_color=\u00a0\u00bb#665889&Prime; header_2_font_size=\u00a0\u00bb34px\u00a0\u00bb text_orientation=\u00a0\u00bbcenter\u00a0\u00bb locked=\u00a0\u00bboff\u00a0\u00bb global_colors_info=\u00a0\u00bb{%22gcid-c89f5116-e22d-4a85-9acd-d2301e8087e7%22:%91%22header_text_color%22,%22header_text_color%22,%22header_text_color%22%93}\u00a0\u00bb]<\/p>\n<h2><span>Besoin de r\u00e9ponses ?<br \/><\/span><span>Testez votre inconscient !<\/span><\/h2>\n<p>[\/et_pb_text][\/et_pb_column][\/et_pb_row][et_pb_row column_structure=\u00a0\u00bb1_4,3_4&Prime; _builder_version=\u00a0\u00bb4.21.0&Prime; _module_preset=\u00a0\u00bbdefault\u00a0\u00bb background_color=\u00a0\u00bb#FFFFFF\u00a0\u00bb global_colors_info=\u00a0\u00bb{}\u00a0\u00bb][et_pb_column type=\u00a0\u00bb1_4&Prime; _builder_version=\u00a0\u00bb4.21.0&Prime; _module_preset=\u00a0\u00bbdefault\u00a0\u00bb background_color=\u00a0\u00bb#FFFFFF\u00a0\u00bb global_colors_info=\u00a0\u00bb{}\u00a0\u00bb][et_pb_image src=\u00a0\u00bbhttps:\/\/marionlhote.org\/wp-content\/uploads\/2024\/12\/PIL-minimisee.jpg\u00a0\u00bb alt=\u00a0\u00bbde coeur \u00e0 coeur\u00a0\u00bb title_text=\u00a0\u00bbPIL minimis\u00e9e\u00a0\u00bb _builder_version=\u00a0\u00bb4.27.4&Prime; _module_preset=\u00a0\u00bbdefault\u00a0\u00bb border_radii=\u00a0\u00bbon|20px|20px|20px|20px\u00a0\u00bb global_colors_info=\u00a0\u00bb{}\u00a0\u00bb][\/et_pb_image][\/et_pb_column][et_pb_column type=\u00a0\u00bb3_4&Prime; _builder_version=\u00a0\u00bb4.21.0&Prime; _module_preset=\u00a0\u00bbdefault\u00a0\u00bb global_colors_info=\u00a0\u00bb{}\u00a0\u00bb][et_pb_text _builder_version=\u00a0\u00bb4.21.0&Prime; _module_preset=\u00a0\u00bbdefault\u00a0\u00bb background_color=\u00a0\u00bb#FFFFFF\u00a0\u00bb text_orientation=\u00a0\u00bbcenter\u00a0\u00bb global_colors_info=\u00a0\u00bb{}\u00a0\u00bb]<\/p>\n<p style=\"text-align: center;\"><span>L\u2019interpr\u00e9tation de votre\u00a0<strong>test inconscient<\/strong>\u00a0me permet d\u2019identifier la racine de votre probl\u00e9matique,<br \/>l\u00e0 o\u00f9 tout a commenc\u00e9\u2026 par fid\u00e9lit\u00e9 transg\u00e9n\u00e9rationnelle, par un incident dans votre enfance ou votre adolescence, des souvenirs difficiles du pass\u00e9, voire une agression ou tout \u00e9v\u00e8nement qui a pu vous blesser, vous marquer\u2026<\/span><\/p>\n<p style=\"text-align: center;\"><span>Compl\u00e9tez le test en ligne pour en obtenir l\u2019interpr\u00e9tation <strong>personnelle et individuelle<\/strong> par t\u00e9l\u00e9phone, Skype ou WhatsApp (et c\u2019est gratuit)<\/span><\/p>\n<p style=\"text-align: center;\"><span>Notre \u00e9change vous permettra d\u2019avoir toutes les informations dont vous avez besoin, de poser toutes vos questions et aussi d\u2019\u00e9tablir un 1er contact rassurant avant de prendre toute d\u00e9cision<\/span><\/p>\n<p>[\/et_pb_text][\/et_pb_column][\/et_pb_row][et_pb_row _builder_version=\u00a0\u00bb4.21.0&Prime; _module_preset=\u00a0\u00bbdefault\u00a0\u00bb background_color=\u00a0\u00bb#FFFFFF\u00a0\u00bb global_colors_info=\u00a0\u00bb{}\u00a0\u00bb][et_pb_column type=\u00a0\u00bb4_4&Prime; _builder_version=\u00a0\u00bb4.21.0&Prime; _module_preset=\u00a0\u00bbdefault\u00a0\u00bb global_colors_info=\u00a0\u00bb{}\u00a0\u00bb][et_pb_button button_url=\u00a0\u00bbhttp:\/\/bit.ly\/TestMarionLHote\u00a0\u00bb url_new_window=\u00a0\u00bbon\u00a0\u00bb button_text=\u00a0\u00bbJe commence mon test&#8230;\u00a0\u00bb button_alignment=\u00a0\u00bbcenter\u00a0\u00bb _builder_version=\u00a0\u00bb4.21.0&Prime; _module_preset=\u00a0\u00bbdefault\u00a0\u00bb global_colors_info=\u00a0\u00bb{}\u00a0\u00bb][\/et_pb_button][\/et_pb_column][\/et_pb_row][\/et_pb_section]<\/p>\n","protected":false},"excerpt":{"rendered":"<p>Interpr\u00e9tation de votre test inconscient : gratuit L\u2019audiocament : 5\u20ac S\u00e9ances de D\u00e9tachement de Traumatismes\u00ae (2 s\u00e9ances sont espac\u00e9es d\u2019au minium 2 mois) 2h30 pour un adulte : 130\u20ac Tarif ch\u00f4meur &#8211; difficult\u00e9s financi\u00e8res, et \u00e9tudiant : 110\u20ac 2h pour un enfant de 7 ans r\u00e9volus, ou un adolescent, jusqu&rsquo;\u00e0 18 ans (accompagn\u00e9 d\u2019un ou [&hellip;]<\/p>\n","protected":false},"author":1,"featured_media":0,"parent":0,"menu_order":0,"comment_status":"closed","ping_status":"closed","template":"","meta":{"_et_pb_use_builder":"on","_et_pb_old_content":"<!-- wp:paragraph -->\n<p>Ceci est une page d\u2019exemple. C\u2019est diff\u00e9rent d\u2019un article de blog parce qu\u2019elle restera au m\u00eame endroit et appara\u00eetra dans la navigation de votre site (dans la plupart des th\u00e8mes). La plupart des gens commencent par une page \u00ab\u00a0\u00c0 propos\u00a0\u00bb qui les pr\u00e9sente aux personnes visitant le site. Cela pourrait ressembler \u00e0 quelque chose comme cela\u00a0:<\/p>\n<!-- \/wp:paragraph -->\n\n<!-- wp:quote -->\n<blockquote class=\"wp-block-quote\"><p>Bonjour\u00a0! Je suis un m\u00e9canicien qui aspire \u00e0 devenir acteur, et voici mon site. J\u2019habite \u00e0 Bordeaux, j\u2019ai un super chien baptis\u00e9 Russell, et j\u2019aime la vodka (ainsi qu\u2019\u00eatre surpris par la pluie soudaine lors de longues balades sur la plage au coucher du soleil).<\/p><\/blockquote>\n<!-- \/wp:quote -->\n\n<!-- wp:paragraph -->\n<p>\u2026ou quelque chose comme cela\u00a0:<\/p>\n<!-- \/wp:paragraph -->\n\n<!-- wp:quote -->\n<blockquote class=\"wp-block-quote\"><p>La soci\u00e9t\u00e9 123 Machin Truc a \u00e9t\u00e9 cr\u00e9\u00e9e en 1971, et n\u2019a cess\u00e9 de proposer au public des machins-trucs de qualit\u00e9 depuis lors. Situ\u00e9e \u00e0 Saint-Remy-en-Bouzemont-Saint-Genest-et-Isson, 123 Machin Truc emploie 2 000 personnes, et fabrique toutes sortes de bidules supers pour la communaut\u00e9 bouzemontoise.<\/p><\/blockquote>\n<!-- \/wp:quote -->\n\n<!-- wp:paragraph -->\n<p>En tant que nouvel utilisateur ou utilisatrice de WordPress, vous devriez vous rendre sur <a href=\"https:\/\/marionlhote.org\/wp-admin\/\">votre tableau de bord<\/a> pour supprimer cette page et cr\u00e9er de nouvelles pages pour votre contenu. Amusez-vous bien\u00a0!<\/p>\n<!-- \/wp:paragraph -->","_et_gb_content_width":"","footnotes":""},"class_list":["post-292","page","type-page","status-publish","hentry"],"_links":{"self":[{"href":"https:\/\/marionlhote.org\/index.php\/wp-json\/wp\/v2\/pages\/292","targetHints":{"allow":["GET"]}}],"collection":[{"href":"https:\/\/marionlhote.org\/index.php\/wp-json\/wp\/v2\/pages"}],"about":[{"href":"https:\/\/marionlhote.org\/index.php\/wp-json\/wp\/v2\/types\/page"}],"author":[{"embeddable":true,"href":"https:\/\/marionlhote.org\/index.php\/wp-json\/wp\/v2\/users\/1"}],"replies":[{"embeddable":true,"href":"https:\/\/marionlhote.org\/index.php\/wp-json\/wp\/v2\/comments?post=292"}],"version-history":[{"count":23,"href":"https:\/\/marionlhote.org\/index.php\/wp-json\/wp\/v2\/pages\/292\/revisions"}],"predecessor-version":[{"id":1011,"href":"https:\/\/marionlhote.org\/index.php\/wp-json\/wp\/v2\/pages\/292\/revisions\/1011"}],"wp:attachment":[{"href":"https:\/\/marionlhote.org\/index.php\/wp-json\/wp\/v2\/media?parent=292"}],"curies":[{"name":"wp","href":"https:\/\/api.w.org\/{rel}","templated":true}]}}